{"id":156,"date":"2019-11-28T17:05:25","date_gmt":"2019-11-28T16:05:25","guid":{"rendered":"https:\/\/www.ydrorex.it\/?page_id=156"},"modified":"2026-03-18T17:26:08","modified_gmt":"2026-03-18T16:26:08","slug":"code-de-deontologie","status":"publish","type":"page","link":"https:\/\/www.ydrorex.it\/fr\/codice-etico\/","title":{"rendered":"Code de d\u00e9ontologie"},"content":{"rendered":"<div id='full_slider_1'  class='avia-fullwidth-slider main_color avia-shadow   avia-builder-el-0  el_before_av_section  avia-builder-el-first   container_wrap sidebar_left'  ><div  class='avia-slideshow av-k3igst90-1556700a617375c76c5c32cdd77ecf66 avia-slideshow-featured av_slideshow_full avia-fade-slider av-slideshow-ui av-control-hidden av-no-slider-navigation av-hide-nav-arrows av-slideshow-autoplay av-loop-once av-loop-manual-endless av-default-height-applied   avia-slideshow-1' data-slideshow-options=\"{&quot;animation&quot;:&quot;fade&quot;,&quot;autoplay&quot;:true,&quot;loop_autoplay&quot;:&quot;once&quot;,&quot;interval&quot;:1,&quot;loop_manual&quot;:&quot;manual-endless&quot;,&quot;autoplay_stopper&quot;:true,&quot;noNavigation&quot;:true,&quot;bg_slider&quot;:false,&quot;keep_padding&quot;:false,&quot;hoverpause&quot;:false,&quot;show_slide_delay&quot;:0}\"  itemprop=\"image\" itemscope=\"itemscope\" itemtype=\"https:\/\/schema.org\/ImageObject\" ><ul class='avia-slideshow-inner' style='padding-bottom: 28.666666666667%;'><li  class='avia-slideshow-slide av-k3igst90-1556700a617375c76c5c32cdd77ecf66__0  slide-1 slide-odd'><div data-rel='slideshow-1' class='avia-slide-wrap'   ><img decoding=\"async\" fetchpriority=\"high\" class=\"wp-image-842 avia-img-lazy-loading-not-842\"  src=\"https:\/\/www.ydrorex.it\/wp-content\/uploads\/2020\/01\/205-2055172_book-vintage-old-book-background-1-1500x430.jpg\" width=\"1500\" height=\"430\" title='205-2055172_book-vintage-old-book-background' alt=''  itemprop=\"thumbnailUrl\"  style='min-height:350; min-width:1221px; ' \/><\/div><\/li><li  class='avia-slideshow-slide av-k3igst90-1556700a617375c76c5c32cdd77ecf66__1  slide-2 slide-even'><div data-rel='slideshow-1' class='avia-slide-wrap'   ><div class='av-slideshow-caption av-k3igst90-1556700a617375c76c5c32cdd77ecf66__1 caption_fullwidth caption_center'><div class=\"container caption_container\"><div class=\"slideshow_caption\"><div class=\"slideshow_inner_caption\"><div class=\"slideshow_align_caption\"><h5 class='avia-caption-title'  itemprop=\"name\" >NOTRE CODE D'\u00c9THIQUE<\/h5><div class='avia-caption-content'  itemprop=\"description\" ><h6>Les relations avec nos parties prenantes sont caract\u00e9ris\u00e9es par une honn\u00eatet\u00e9 et une transparence maximales.<\/h6>\n<\/div><a href='https:\/\/www.ydrorex.it\/fr\/contatti\/'  class='avia-slideshow-button avia-button avia-color-light avia-multi-slideshow-button' data-duration='800' data-easing='easeInOutQuad'>CITATIONS<\/a><a href='\/wp-content\/uploads\/2019\/11\/Catalogo-corretto.pdf'  class='avia-slideshow-button avia-button avia-color-light avia-multi-slideshow-button avia-slideshow-button-2' data-duration='800' data-easing='easeInOutQuad'>CATALOGUE<\/a><\/div><\/div><\/div><\/div><\/div><img decoding=\"async\" fetchpriority=\"high\" class=\"wp-image-842 avia-img-lazy-loading-not-842\"  src=\"https:\/\/www.ydrorex.it\/wp-content\/uploads\/2020\/01\/205-2055172_book-vintage-old-book-background-1-1500x430.jpg\" width=\"1500\" height=\"430\" title='205-2055172_book-vintage-old-book-background' alt=''  itemprop=\"thumbnailUrl\"  style='min-height:350; min-width:1221px; ' \/><div class='av-section-color-overlay' style='opacity: 0.3; background-color: #000000; '><\/div><\/div><\/li><\/ul><div class='avia-slideshow-arrows avia-slideshow-controls' ><a href='#prev' class='prev-slide  avia-svg-icon avia-font-svg_entypo-fontello' data-av_svg_icon='left-open-big' data-av_iconset='svg_entypo-fontello' tabindex='-1' title=\"Pr\u00e9c\u00e9dent\"><svg version=\"1.1\" xmlns=\"http:\/\/www.w3.org\/2000\/svg\" width=\"15\" height=\"32\" viewbox=\"0 0 15 32\" preserveaspectratio=\"xMidYMid meet\" aria-labelledby='av-svg-title-1' aria-describedby='av-svg-desc-1' role=\"graphics-symbol\" aria-hidden=\"true\">\n<title id='av-svg-title-1'>Pr\u00e9c\u00e9dent<\/title>\n<desc id='av-svg-desc-1'>Pr\u00e9c\u00e9dent<\/desc>\n<path d=\"M14.464 27.84q0.832 0.832 0 1.536-0.832 0.832-1.536 0l-12.544-12.608q-0.768-0.768 0-1.6l12.544-12.608q0.704-0.832 1.536 0 0.832 0.704 0 1.536l-11.456 11.904z\"><\/path>\n<\/svg><span class='avia_hidden_link_text'>Pr\u00e9c\u00e9dent<\/span><\/a><a href='#next' class='next-slide  avia-svg-icon avia-font-svg_entypo-fontello' data-av_svg_icon='right-open-big' data-av_iconset='svg_entypo-fontello' tabindex='-1' title=\"Suivant\"><svg version=\"1.1\" xmlns=\"http:\/\/www.w3.org\/2000\/svg\" width=\"15\" height=\"32\" viewbox=\"0 0 15 32\" preserveaspectratio=\"xMidYMid meet\" aria-labelledby='av-svg-title-2' aria-describedby='av-svg-desc-2' role=\"graphics-symbol\" aria-hidden=\"true\">\n<title id='av-svg-title-2'>Suivant<\/title>\n<desc id='av-svg-desc-2'>Suivant<\/desc>\n<path d=\"M0.416 27.84l11.456-11.84-11.456-11.904q-0.832-0.832 0-1.536 0.832-0.832 1.536 0l12.544 12.608q0.768 0.832 0 1.6l-12.544 12.608q-0.704 0.832-1.536 0-0.832-0.704 0-1.536z\"><\/path>\n<\/svg><span class='avia_hidden_link_text'>Suivant<\/span><\/a><\/div><\/div><\/div>\n\n<style type=\"text\/css\" data-created_by=\"avia_inline_auto\" id=\"style-css-av-k5ze76p9-d9f4518663bef5389bd44e75abd7bd7e\">\n.avia-section.av-k5ze76p9-d9f4518663bef5389bd44e75abd7bd7e{\nbackground-color:#b29559;\nbackground-image:unset;\n}\n<\/style>\n<div id='av_section_1'  class='avia-section av-k5ze76p9-d9f4518663bef5389bd44e75abd7bd7e main_color avia-section-default avia-no-border-styling  avia-builder-el-1  el_after_av_slideshow_full  el_before_av_textblock  avia-bg-style-scroll container_wrap sidebar_left'  ><div class='container av-section-cont-open' ><div class='template-page content  av-content-small units'><div class='post-entry post-entry-type-page post-entry-156'><div class='entry-content-wrapper clearfix'>\n\n<style type=\"text\/css\" data-created_by=\"avia_inline_auto\" id=\"style-css-av-k5ze3j91-0e3e2b01aab3dad1e18f2c225b1c74b7\">\n#top .av_textblock_section.av-k5ze3j91-0e3e2b01aab3dad1e18f2c225b1c74b7 .avia_textblock{\ncolor:#ffffff;\n}\n<\/style>\n<section  class='av_textblock_section av-k5ze3j91-0e3e2b01aab3dad1e18f2c225b1c74b7'   itemscope=\"itemscope\" itemtype=\"https:\/\/schema.org\/CreativeWork\" ><div class='avia_textblock av_inherit_color'  itemprop=\"text\" ><h1>Code d'\u00e9thique d'YdroRex<\/h1>\n<p><strong>La mission d'YdroRex est men\u00e9e selon un code de conduite scrupuleux<\/strong><\/p>\n<\/div><\/section>\n<\/div><\/div><\/div><!-- close content main div --><\/div><\/div><div id='after_section_1'  class='main_color av_default_container_wrap container_wrap sidebar_left'  ><div class='container av-section-cont-open' ><div class='template-page content  av-content-small units'><div class='post-entry post-entry-type-page post-entry-156'><div class='entry-content-wrapper clearfix'>\n<section  class='av_textblock_section av-k3il4uut-129fe5246f223a7acd3f5134d73155a7'   itemscope=\"itemscope\" itemtype=\"https:\/\/schema.org\/CreativeWork\" ><div class='avia_textblock'  itemprop=\"text\" ><p>YdroRex entend agir avec honn\u00eatet\u00e9 et transparence pour prot\u00e9ger ses clients, ses fournisseurs et ses partenaires.<\/p>\n<p>Ces valeurs sont partag\u00e9es par tous les employ\u00e9s concern\u00e9s.<\/p>\n<hr \/>\n<h2>RELATIONS AVEC LES CLIENTS<\/h2>\n<p>Notre objectif est d'\u00e9tablir avec nos clients des relations caract\u00e9ris\u00e9es par la plus grande confiance en vue d'une coop\u00e9ration fructueuse.<\/p>\n<p>Notre objectif premier est la satisfaction de nos clients :<\/p>\n<ul>\n<li>nous nous engageons \u00e0 toujours fournir des services et des produits de pointe de qualit\u00e9, modernes et fonctionnels<\/li>\n<li>chaque contrat est une \"Bible\" que nous devons respecter<\/li>\n<li>nous sommes prompts et z\u00e9l\u00e9s \u00e0 fournir une assistance<\/li>\n<li>nos politiques de prix sont coh\u00e9rentes et congruentes<\/li>\n<\/ul>\n<hr \/>\n<h2>RELATIONS AVEC LES FOURNISSEURS<\/h2>\n<p>La collaboration avec les fournisseurs externes repose sur le principe de la satisfaction mutuelle.<\/p>\n<p>L'excellence, la comp\u00e9titivit\u00e9, la fiabilit\u00e9, la transparence et la r\u00e9putation sont des conditions essentielles au d\u00e9marrage de tout partenariat.<\/p>\n<hr \/>\n<div class=\"page\" title=\"Page 8\">\n<div class=\"section\">\n<div class=\"layoutArea\">\n<div class=\"column\">\n<h2>LES RELATIONS ENTRE LES COLLABORATEURS INTERNES<\/h2>\n<p>Ils se caract\u00e9risent par l'estime, la coop\u00e9ration organis\u00e9e et les bonnes mani\u00e8res.<\/p>\n<p>L'exercice des fonctions de l'entreprise leur permet de poursuivre leurs objectifs professionnels, \u00e9conomiques et humains avec une gratification et une stimulation ad\u00e9quates.<\/p>\n<hr \/>\n<h2>RELATIONS AVEC LES CONCURRENTS<\/h2>\n<p>L'\u00e9quit\u00e9 et la loyaut\u00e9 sont \u00e0 la base des relations avec les concurrents.<\/p>\n<p>Nous croyons en la fonction progressive de la comp\u00e9titivit\u00e9, si elle est comprise comme une incitation \u00e0 am\u00e9liorer la qualit\u00e9 des produits et des performances.<\/p>\n<p>Nous rejetons l'utilisation de pratiques que nous consid\u00e9rons comme d\u00e9loyales, telles que le favoritisme et la tromperie.<\/p>\n<\/div>\n<\/div>\n<\/div>\n<\/div>\n<\/div><\/section>","protected":false},"excerpt":{"rendered":"","protected":false},"author":1,"featured_media":0,"parent":0,"menu_order":0,"comment_status":"closed","ping_status":"closed","template":"","meta":{"footnotes":""},"class_list":["post-156","page","type-page","status-publish","hentry"],"yoast_head":"<!-- This site is optimized with the Yoast SEO plugin v27.4 - https:\/\/yoast.com\/product\/yoast-seo-wordpress\/ -->\n<title>Codice etico - Ydrorex<\/title>\n<meta name=\"robots\" content=\"index, follow, max-snippet:-1, max-image-preview:large, max-video-preview:-1\" \/>\n<link rel=\"canonical\" href=\"https:\/\/www.ydrorex.it\/fr\/code-de-deontologie\/\" \/>\n<meta property=\"og:locale\" content=\"fr_FR\" \/>\n<meta property=\"og:type\" content=\"article\" \/>\n<meta property=\"og:title\" content=\"Codice etico - Ydrorex\" \/>\n<meta property=\"og:url\" content=\"https:\/\/www.ydrorex.it\/fr\/code-de-deontologie\/\" \/>\n<meta property=\"og:site_name\" content=\"Ydrorex\" \/>\n<meta property=\"article:modified_time\" content=\"2026-03-18T16:26:08+00:00\" \/>\n<meta name=\"twitter:card\" content=\"summary_large_image\" \/>\n<meta name=\"twitter:label1\" content=\"Dur\u00e9e de lecture estim\u00e9e\" \/>\n\t<meta name=\"twitter:data1\" content=\"2 minutes\" \/>\n<script type=\"application\/ld+json\" class=\"yoast-schema-graph\">{\"@context\":\"https:\\\/\\\/schema.org\",\"@graph\":[{\"@type\":\"WebPage\",\"@id\":\"https:\\\/\\\/www.ydrorex.it\\\/codice-etico\\\/\",\"url\":\"https:\\\/\\\/www.ydrorex.it\\\/codice-etico\\\/\",\"name\":\"Codice etico - Ydrorex\",\"isPartOf\":{\"@id\":\"https:\\\/\\\/www.ydrorex.it\\\/#website\"},\"datePublished\":\"2019-11-28T16:05:25+00:00\",\"dateModified\":\"2026-03-18T16:26:08+00:00\",\"breadcrumb\":{\"@id\":\"https:\\\/\\\/www.ydrorex.it\\\/codice-etico\\\/#breadcrumb\"},\"inLanguage\":\"fr-FR\",\"potentialAction\":[{\"@type\":\"ReadAction\",\"target\":[\"https:\\\/\\\/www.ydrorex.it\\\/codice-etico\\\/\"]}]},{\"@type\":\"BreadcrumbList\",\"@id\":\"https:\\\/\\\/www.ydrorex.it\\\/codice-etico\\\/#breadcrumb\",\"itemListElement\":[{\"@type\":\"ListItem\",\"position\":1,\"name\":\"Home\",\"item\":\"https:\\\/\\\/www.ydrorex.it\\\/\"},{\"@type\":\"ListItem\",\"position\":2,\"name\":\"Codice etico\"}]},{\"@type\":\"WebSite\",\"@id\":\"https:\\\/\\\/www.ydrorex.it\\\/#website\",\"url\":\"https:\\\/\\\/www.ydrorex.it\\\/\",\"name\":\"Ydrorex\",\"description\":\"Scarico wc e sanitari, evacuazione e aspirazione, carico e scarico lavatrici\",\"potentialAction\":[{\"@type\":\"SearchAction\",\"target\":{\"@type\":\"EntryPoint\",\"urlTemplate\":\"https:\\\/\\\/www.ydrorex.it\\\/?s={search_term_string}\"},\"query-input\":{\"@type\":\"PropertyValueSpecification\",\"valueRequired\":true,\"valueName\":\"search_term_string\"}}],\"inLanguage\":\"fr-FR\"}]}<\/script>\n<!-- \/ Yoast SEO plugin. -->","yoast_head_json":{"title":"Code d'\u00e9thique - Ydrorex","robots":{"index":"index","follow":"follow","max-snippet":"max-snippet:-1","max-image-preview":"max-image-preview:large","max-video-preview":"max-video-preview:-1"},"canonical":"https:\/\/www.ydrorex.it\/fr\/code-de-deontologie\/","og_locale":"fr_FR","og_type":"article","og_title":"Codice etico - Ydrorex","og_url":"https:\/\/www.ydrorex.it\/fr\/code-de-deontologie\/","og_site_name":"Ydrorex","article_modified_time":"2026-03-18T16:26:08+00:00","twitter_card":"summary_large_image","twitter_misc":{"Dur\u00e9e de lecture estim\u00e9e":"2 minutes"},"schema":{"@context":"https:\/\/schema.org","@graph":[{"@type":"WebPage","@id":"https:\/\/www.ydrorex.it\/codice-etico\/","url":"https:\/\/www.ydrorex.it\/codice-etico\/","name":"Code d'\u00e9thique - Ydrorex","isPartOf":{"@id":"https:\/\/www.ydrorex.it\/#website"},"datePublished":"2019-11-28T16:05:25+00:00","dateModified":"2026-03-18T16:26:08+00:00","breadcrumb":{"@id":"https:\/\/www.ydrorex.it\/codice-etico\/#breadcrumb"},"inLanguage":"fr-FR","potentialAction":[{"@type":"ReadAction","target":["https:\/\/www.ydrorex.it\/codice-etico\/"]}]},{"@type":"BreadcrumbList","@id":"https:\/\/www.ydrorex.it\/codice-etico\/#breadcrumb","itemListElement":[{"@type":"ListItem","position":1,"name":"Home","item":"https:\/\/www.ydrorex.it\/"},{"@type":"ListItem","position":2,"name":"Codice etico"}]},{"@type":"WebSite","@id":"https:\/\/www.ydrorex.it\/#website","url":"https:\/\/www.ydrorex.it\/","name":"Ydrorex","description":"Chasse d'eau, \u00e9vacuation et aspiration des toilettes, chargement et d\u00e9chargement des machines \u00e0 laver","potentialAction":[{"@type":"SearchAction","target":{"@type":"EntryPoint","urlTemplate":"https:\/\/www.ydrorex.it\/?s={search_term_string}"},"query-input":{"@type":"PropertyValueSpecification","valueRequired":true,"valueName":"search_term_string"}}],"inLanguage":"fr-FR"}]}},"_links":{"self":[{"href":"https:\/\/www.ydrorex.it\/fr\/wp-json\/wp\/v2\/pages\/156","targetHints":{"allow":["GET"]}}],"collection":[{"href":"https:\/\/www.ydrorex.it\/fr\/wp-json\/wp\/v2\/pages"}],"about":[{"href":"https:\/\/www.ydrorex.it\/fr\/wp-json\/wp\/v2\/types\/page"}],"author":[{"embeddable":true,"href":"https:\/\/www.ydrorex.it\/fr\/wp-json\/wp\/v2\/users\/1"}],"replies":[{"embeddable":true,"href":"https:\/\/www.ydrorex.it\/fr\/wp-json\/wp\/v2\/comments?post=156"}],"version-history":[{"count":4,"href":"https:\/\/www.ydrorex.it\/fr\/wp-json\/wp\/v2\/pages\/156\/revisions"}],"predecessor-version":[{"id":3348,"href":"https:\/\/www.ydrorex.it\/fr\/wp-json\/wp\/v2\/pages\/156\/revisions\/3348"}],"wp:attachment":[{"href":"https:\/\/www.ydrorex.it\/fr\/wp-json\/wp\/v2\/media?parent=156"}],"curies":[{"name":"wp","href":"https:\/\/api.w.org\/{rel}","templated":true}]}}