{"id":166,"date":"2019-11-29T08:55:20","date_gmt":"2019-11-29T07:55:20","guid":{"rendered":"https:\/\/www.ydrorex.it\/?page_id=166"},"modified":"2026-03-18T17:29:21","modified_gmt":"2026-03-18T16:29:21","slug":"nos-installations","status":"publish","type":"page","link":"https:\/\/www.ydrorex.it\/fr\/i-nostri-impianti\/","title":{"rendered":"Nos installations"},"content":{"rendered":"<div id='full_slider_1'  class='avia-fullwidth-slider main_color avia-shadow   avia-builder-el-0  el_before_av_section  avia-builder-el-first   container_wrap sidebar_left'  ><div  class='avia-slideshow av-k3igst90-93cbf450013be87b2fa2a262b7d11520 avia-slideshow-featured av_slideshow_full avia-fade-slider av-slideshow-ui av-control-hidden av-no-slider-navigation av-hide-nav-arrows av-slideshow-autoplay av-loop-once av-loop-manual-endless av-default-height-applied   avia-slideshow-1' data-slideshow-options=\"{&quot;animation&quot;:&quot;fade&quot;,&quot;autoplay&quot;:true,&quot;loop_autoplay&quot;:&quot;once&quot;,&quot;interval&quot;:1,&quot;loop_manual&quot;:&quot;manual-endless&quot;,&quot;autoplay_stopper&quot;:true,&quot;noNavigation&quot;:true,&quot;bg_slider&quot;:false,&quot;keep_padding&quot;:false,&quot;hoverpause&quot;:false,&quot;show_slide_delay&quot;:0}\"  itemprop=\"image\" itemscope=\"itemscope\" itemtype=\"https:\/\/schema.org\/ImageObject\" ><ul class='avia-slideshow-inner' style='padding-bottom: 28.666666666667%;'><li  class='avia-slideshow-slide av-k3igst90-93cbf450013be87b2fa2a262b7d11520__0  slide-1 slide-odd'><div data-rel='slideshow-1' class='avia-slide-wrap'   ><img decoding=\"async\" fetchpriority=\"high\" class=\"wp-image-1900 avia-img-lazy-loading-not-1900\"  src=\"https:\/\/www.ydrorex.it\/wp-content\/uploads\/2023\/10\/IMG_0814_1-1-1-1500x430.jpg\" width=\"1500\" height=\"430\" title='IMG_0814_1-1 (1)' alt=''  itemprop=\"thumbnailUrl\"  style='min-height:350; min-width:1221px; ' \/><\/div><\/li><li  class='avia-slideshow-slide av-k3igst90-93cbf450013be87b2fa2a262b7d11520__1  slide-2 slide-even'><div data-rel='slideshow-1' class='avia-slide-wrap'   ><div class='av-slideshow-caption av-k3igst90-93cbf450013be87b2fa2a262b7d11520__1 caption_fullwidth caption_center'><div class=\"container caption_container\"><div class=\"slideshow_caption\"><div class=\"slideshow_inner_caption\"><div class=\"slideshow_align_caption\"><h5 class='avia-caption-title'  itemprop=\"name\" >NOS INSTALLATIONS<\/h5><div class='avia-caption-content'  itemprop=\"description\" ><h6>Un \u00e9quipement de pointe<\/h6>\n<\/div><a href='https:\/\/www.ydrorex.it\/fr\/contatti\/'  class='avia-slideshow-button avia-button avia-color-light avia-multi-slideshow-button' data-duration='800' data-easing='easeInOutQuad'>CITATIONS<\/a><a href='https:\/\/www.ydrorex.it\/fr\/nos-installations\/#video'  class='avia-slideshow-button avia-button avia-color-light avia-multi-slideshow-button avia-slideshow-button-2' data-duration='800' data-easing='easeInOutQuad'>Regarder une vid\u00e9o<\/a><\/div><\/div><\/div><\/div><\/div><img decoding=\"async\" fetchpriority=\"high\" class=\"wp-image-1900 avia-img-lazy-loading-not-1900\"  src=\"https:\/\/www.ydrorex.it\/wp-content\/uploads\/2023\/10\/IMG_0814_1-1-1-1500x430.jpg\" width=\"1500\" height=\"430\" title='IMG_0814_1-1 (1)' alt=''  itemprop=\"thumbnailUrl\"  style='min-height:350; min-width:1221px; ' \/><div class='av-section-color-overlay' style='opacity: 0.3; background-color: #000000; '><\/div><\/div><\/li><\/ul><div class='avia-slideshow-arrows avia-slideshow-controls' ><a href='#prev' class='prev-slide  avia-svg-icon avia-font-svg_entypo-fontello' data-av_svg_icon='left-open-big' data-av_iconset='svg_entypo-fontello' tabindex='-1' title=\"Pr\u00e9c\u00e9dent\"><svg version=\"1.1\" xmlns=\"http:\/\/www.w3.org\/2000\/svg\" width=\"15\" height=\"32\" viewbox=\"0 0 15 32\" preserveaspectratio=\"xMidYMid meet\" aria-labelledby='av-svg-title-1' aria-describedby='av-svg-desc-1' role=\"graphics-symbol\" aria-hidden=\"true\">\n<title id='av-svg-title-1'>Pr\u00e9c\u00e9dent<\/title>\n<desc id='av-svg-desc-1'>Pr\u00e9c\u00e9dent<\/desc>\n<path d=\"M14.464 27.84q0.832 0.832 0 1.536-0.832 0.832-1.536 0l-12.544-12.608q-0.768-0.768 0-1.6l12.544-12.608q0.704-0.832 1.536 0 0.832 0.704 0 1.536l-11.456 11.904z\"><\/path>\n<\/svg><span class='avia_hidden_link_text'>Pr\u00e9c\u00e9dent<\/span><\/a><a href='#next' class='next-slide  avia-svg-icon avia-font-svg_entypo-fontello' data-av_svg_icon='right-open-big' data-av_iconset='svg_entypo-fontello' tabindex='-1' title=\"Suivant\"><svg version=\"1.1\" xmlns=\"http:\/\/www.w3.org\/2000\/svg\" width=\"15\" height=\"32\" viewbox=\"0 0 15 32\" preserveaspectratio=\"xMidYMid meet\" aria-labelledby='av-svg-title-2' aria-describedby='av-svg-desc-2' role=\"graphics-symbol\" aria-hidden=\"true\">\n<title id='av-svg-title-2'>Suivant<\/title>\n<desc id='av-svg-desc-2'>Suivant<\/desc>\n<path d=\"M0.416 27.84l11.456-11.84-11.456-11.904q-0.832-0.832 0-1.536 0.832-0.832 1.536 0l12.544 12.608q0.768 0.832 0 1.6l-12.544 12.608q-0.704 0.832-1.536 0-0.832-0.704 0-1.536z\"><\/path>\n<\/svg><span class='avia_hidden_link_text'>Suivant<\/span><\/a><\/div><\/div><\/div>\n\n<style type=\"text\/css\" data-created_by=\"avia_inline_auto\" id=\"style-css-av-k5zaap6r-1e393cabfbebe38751dc8e84c59325eb\">\n.avia-section.av-k5zaap6r-1e393cabfbebe38751dc8e84c59325eb{\nbackground-color:#4b5e8a;\nbackground-image:unset;\n}\n<\/style>\n<div id='av_section_1'  class='avia-section av-k5zaap6r-1e393cabfbebe38751dc8e84c59325eb main_color avia-section-default avia-no-border-styling  avia-builder-el-1  el_after_av_slideshow_full  el_before_av_textblock  avia-bg-style-scroll container_wrap sidebar_left'  ><div class='container av-section-cont-open' ><div class='template-page content  av-content-small units'><div class='post-entry post-entry-type-page post-entry-166'><div class='entry-content-wrapper clearfix'>\n\n<style type=\"text\/css\" data-created_by=\"avia_inline_auto\" id=\"style-css-av-k3il4uut-0a9609a0c7ff35d2e4ad116d7ef19bb8\">\n#top .av_textblock_section.av-k3il4uut-0a9609a0c7ff35d2e4ad116d7ef19bb8 .avia_textblock{\ncolor:#ffffff;\n}\n<\/style>\n<section  class='av_textblock_section av-k3il4uut-0a9609a0c7ff35d2e4ad116d7ef19bb8'   itemscope=\"itemscope\" itemtype=\"https:\/\/schema.org\/CreativeWork\" ><div class='avia_textblock av_inherit_color'  itemprop=\"text\" ><h1>Nos installations<\/h1>\n<p><strong>Les installations et les processus de production sont r\u00e9alis\u00e9s dans les r\u00e8gles de l'art. <\/strong><a href=\"https:\/\/www.ydrorex.it\/fr\/nos-installations\/#video\"><strong>Voir la vid\u00e9o ci-dessous.<\/strong><\/a><\/p>\n<\/div><\/section>\n<\/div><\/div><\/div><!-- close content main div --><\/div><\/div><div id='after_section_1'  class='main_color av_default_container_wrap container_wrap sidebar_left'  ><div class='container av-section-cont-open' ><div class='template-page content  av-content-small units'><div class='post-entry post-entry-type-page post-entry-166'><div class='entry-content-wrapper clearfix'>\n<section  class='av_textblock_section av-k3il4uut-2-22da0f0d0c7a89244d6c78fe521332fc'   itemscope=\"itemscope\" itemtype=\"https:\/\/schema.org\/CreativeWork\" ><div class='avia_textblock av_inherit_color'  itemprop=\"text\" ><p><strong>Cliquez sur le bouton en haut \u00e0 droite de la vid\u00e9o ( 1\/3 ) pour choisir la vid\u00e9o \u00e0 visionner parmi les suivantes :<\/strong><\/p>\n<p><strong>Vid\u00e9o 1\/3 :<\/strong>\u00a0Tuyaux ondul\u00e9s avec raccords, production en ligne robotis\u00e9e<\/p>\n<p><strong>Vid\u00e9o 2\/3 :<\/strong> Tubes rigides courbes et droits, production avec des machines de moulage par injection<\/p>\n<p><strong>Vid\u00e9o 3\/3 :\u00a0<\/strong>Tuyaux flexibles et extensibles, production de tuyaux avec \u00e2me en spirale m\u00e9tallique<\/p>\n<\/div><\/section>\n\n<style type=\"text\/css\" data-created_by=\"avia_inline_auto\" id=\"style-css-av-bcpv2-0e5ee3f72dc5763b771aeab80b7213ff\">\n#top .hr.hr-invisible.av-bcpv2-0e5ee3f72dc5763b771aeab80b7213ff{\nheight:50px;\n}\n<\/style>\n<div  class='hr av-bcpv2-0e5ee3f72dc5763b771aeab80b7213ff hr-invisible  avia-builder-el-4  el_after_av_textblock  el_before_av_video'><span class='hr-inner'><span class=\"hr-inner-style\"><\/span><\/span><\/div>\n<div  id=\"video\"  class='avia-video av-kiivzplo-2b876b871c15bb83ff3245beacd78a4a avia-video-16-9 av-no-preview-image avia-video-load-always av-lazyload-immediate av-lazyload-video-embed'  itemprop=\"video\" itemtype=\"https:\/\/schema.org\/VideoObject\"  data-original_url='https:\/\/www.youtube.com\/playlist?list=PLVp5ygpU8xI2nHOwcqgi6wOOmHzTWaa36'><script type='text\/html' class='av-video-tmpl'><div class='avia-iframe-wrap'><iframe loading=\"lazy\" title=\"Produzione industriale\" width=\"1500\" height=\"844\" src=\"https:\/\/www.youtube.com\/embed\/videoseries?list=PLVp5ygpU8xI2nHOwcqgi6wOOmHzTWaa36&autoplay=0&loop=0&controls=1&mute=0\" frameborder=\"0\" allow=\"accelerometer; autoplay; clipboard-write; encrypted-media; gyroscope; picture-in-picture\" allowfullscreen><\/iframe><\/div><\/script><div class='av-click-to-play-overlay'><div class=\"avia_playpause_icon\"><\/div><\/div><\/div>","protected":false},"excerpt":{"rendered":"","protected":false},"author":1,"featured_media":0,"parent":0,"menu_order":0,"comment_status":"closed","ping_status":"closed","template":"","meta":{"footnotes":""},"class_list":["post-166","page","type-page","status-publish","hentry"],"yoast_head":"<!-- This site is optimized with the Yoast SEO plugin v27.4 - https:\/\/yoast.com\/product\/yoast-seo-wordpress\/ -->\n<title>I nostri impianti - Ydrorex<\/title>\n<meta name=\"robots\" content=\"index, follow, max-snippet:-1, max-image-preview:large, max-video-preview:-1\" \/>\n<link rel=\"canonical\" href=\"https:\/\/www.ydrorex.it\/fr\/nos-installations\/\" \/>\n<meta property=\"og:locale\" content=\"fr_FR\" \/>\n<meta property=\"og:type\" content=\"article\" \/>\n<meta property=\"og:title\" content=\"I nostri impianti - Ydrorex\" \/>\n<meta property=\"og:url\" content=\"https:\/\/www.ydrorex.it\/fr\/nos-installations\/\" \/>\n<meta property=\"og:site_name\" content=\"Ydrorex\" \/>\n<meta property=\"article:modified_time\" content=\"2026-03-18T16:29:21+00:00\" \/>\n<meta name=\"twitter:card\" content=\"summary_large_image\" \/>\n<script type=\"application\/ld+json\" class=\"yoast-schema-graph\">{\"@context\":\"https:\\\/\\\/schema.org\",\"@graph\":[{\"@type\":\"WebPage\",\"@id\":\"https:\\\/\\\/www.ydrorex.it\\\/i-nostri-impianti\\\/\",\"url\":\"https:\\\/\\\/www.ydrorex.it\\\/i-nostri-impianti\\\/\",\"name\":\"I nostri impianti - Ydrorex\",\"isPartOf\":{\"@id\":\"https:\\\/\\\/www.ydrorex.it\\\/#website\"},\"datePublished\":\"2019-11-29T07:55:20+00:00\",\"dateModified\":\"2026-03-18T16:29:21+00:00\",\"breadcrumb\":{\"@id\":\"https:\\\/\\\/www.ydrorex.it\\\/i-nostri-impianti\\\/#breadcrumb\"},\"inLanguage\":\"fr-FR\",\"potentialAction\":[{\"@type\":\"ReadAction\",\"target\":[\"https:\\\/\\\/www.ydrorex.it\\\/i-nostri-impianti\\\/\"]}]},{\"@type\":\"BreadcrumbList\",\"@id\":\"https:\\\/\\\/www.ydrorex.it\\\/i-nostri-impianti\\\/#breadcrumb\",\"itemListElement\":[{\"@type\":\"ListItem\",\"position\":1,\"name\":\"Home\",\"item\":\"https:\\\/\\\/www.ydrorex.it\\\/\"},{\"@type\":\"ListItem\",\"position\":2,\"name\":\"I nostri impianti\"}]},{\"@type\":\"WebSite\",\"@id\":\"https:\\\/\\\/www.ydrorex.it\\\/#website\",\"url\":\"https:\\\/\\\/www.ydrorex.it\\\/\",\"name\":\"Ydrorex\",\"description\":\"Scarico wc e sanitari, evacuazione e aspirazione, carico e scarico lavatrici\",\"potentialAction\":[{\"@type\":\"SearchAction\",\"target\":{\"@type\":\"EntryPoint\",\"urlTemplate\":\"https:\\\/\\\/www.ydrorex.it\\\/?s={search_term_string}\"},\"query-input\":{\"@type\":\"PropertyValueSpecification\",\"valueRequired\":true,\"valueName\":\"search_term_string\"}}],\"inLanguage\":\"fr-FR\"}]}<\/script>\n<!-- \/ Yoast SEO plugin. -->","yoast_head_json":{"title":"Nos installations - Ydrorex","robots":{"index":"index","follow":"follow","max-snippet":"max-snippet:-1","max-image-preview":"max-image-preview:large","max-video-preview":"max-video-preview:-1"},"canonical":"https:\/\/www.ydrorex.it\/fr\/nos-installations\/","og_locale":"fr_FR","og_type":"article","og_title":"I nostri impianti - Ydrorex","og_url":"https:\/\/www.ydrorex.it\/fr\/nos-installations\/","og_site_name":"Ydrorex","article_modified_time":"2026-03-18T16:29:21+00:00","twitter_card":"summary_large_image","schema":{"@context":"https:\/\/schema.org","@graph":[{"@type":"WebPage","@id":"https:\/\/www.ydrorex.it\/i-nostri-impianti\/","url":"https:\/\/www.ydrorex.it\/i-nostri-impianti\/","name":"Nos installations - Ydrorex","isPartOf":{"@id":"https:\/\/www.ydrorex.it\/#website"},"datePublished":"2019-11-29T07:55:20+00:00","dateModified":"2026-03-18T16:29:21+00:00","breadcrumb":{"@id":"https:\/\/www.ydrorex.it\/i-nostri-impianti\/#breadcrumb"},"inLanguage":"fr-FR","potentialAction":[{"@type":"ReadAction","target":["https:\/\/www.ydrorex.it\/i-nostri-impianti\/"]}]},{"@type":"BreadcrumbList","@id":"https:\/\/www.ydrorex.it\/i-nostri-impianti\/#breadcrumb","itemListElement":[{"@type":"ListItem","position":1,"name":"Home","item":"https:\/\/www.ydrorex.it\/"},{"@type":"ListItem","position":2,"name":"I nostri impianti"}]},{"@type":"WebSite","@id":"https:\/\/www.ydrorex.it\/#website","url":"https:\/\/www.ydrorex.it\/","name":"Ydrorex","description":"Chasse d'eau, \u00e9vacuation et aspiration des toilettes, chargement et d\u00e9chargement des machines \u00e0 laver","potentialAction":[{"@type":"SearchAction","target":{"@type":"EntryPoint","urlTemplate":"https:\/\/www.ydrorex.it\/?s={search_term_string}"},"query-input":{"@type":"PropertyValueSpecification","valueRequired":true,"valueName":"search_term_string"}}],"inLanguage":"fr-FR"}]}},"_links":{"self":[{"href":"https:\/\/www.ydrorex.it\/fr\/wp-json\/wp\/v2\/pages\/166","targetHints":{"allow":["GET"]}}],"collection":[{"href":"https:\/\/www.ydrorex.it\/fr\/wp-json\/wp\/v2\/pages"}],"about":[{"href":"https:\/\/www.ydrorex.it\/fr\/wp-json\/wp\/v2\/types\/page"}],"author":[{"embeddable":true,"href":"https:\/\/www.ydrorex.it\/fr\/wp-json\/wp\/v2\/users\/1"}],"replies":[{"embeddable":true,"href":"https:\/\/www.ydrorex.it\/fr\/wp-json\/wp\/v2\/comments?post=166"}],"version-history":[{"count":10,"href":"https:\/\/www.ydrorex.it\/fr\/wp-json\/wp\/v2\/pages\/166\/revisions"}],"predecessor-version":[{"id":3353,"href":"https:\/\/www.ydrorex.it\/fr\/wp-json\/wp\/v2\/pages\/166\/revisions\/3353"}],"wp:attachment":[{"href":"https:\/\/www.ydrorex.it\/fr\/wp-json\/wp\/v2\/media?parent=166"}],"curies":[{"name":"wp","href":"https:\/\/api.w.org\/{rel}","templated":true}]}}